{"id":88,"date":"2019-06-07T09:15:06","date_gmt":"2019-06-07T09:15:06","guid":{"rendered":"https:\/\/www.terapiagestaltcantabria.com\/aitor_ozerin\/?page_id=88"},"modified":"2019-06-07T09:15:45","modified_gmt":"2019-06-07T09:15:45","slug":"aitor-ozerin","status":"publish","type":"page","link":"https:\/\/www.terapiagestaltcantabria.com\/aitor_ozerin\/index.php\/aitor-ozerin\/","title":{"rendered":"Aitor Ozerin"},"content":{"rendered":"<p><img decoding=\"async\" class=\"wp-image-82 size-full aligncenter\" src=\"https:\/\/www.terapiagestaltcantabria.com\/aitor_ozerin\/wp-content\/uploads\/2016\/01\/aitor-ozerin.jpg\" alt=\"\" width=\"220\" height=\"206\" \/><\/p>\n<h1>Aitor Ozerin<\/h1>\n<ul>\n<li>Psic\u00f3logo colegiado Bi-875<\/li>\n<li>Psicoterapeuta Gestalt<\/li>\n<li>Miembro Titular y Supervisor de la AETG<\/li>\n<li>Formado en Psicoterapia Integrativa SAT con Claudio Naranjo<\/li>\n<li>Formado en Constelaciones Familiares seg\u00fan Bert Hellinger con el Institut Gestalt de Barcelona de Joan Garriga y la Asociaci\u00f3n de Psicolog\u00eda Hol\u00edstica de Charo Cuenca.<\/li>\n<li>Formado en EMDR<\/li>\n<li>Terapeuta de Polaridad.<\/li>\n<li>Profesor de Yoga y Meditaci\u00f3n.<\/li>\n<li>Experiencia en Meditaci\u00f3n Hindu\u00edsta, Budista Vipassana (Goenka y Dhiravamsa) y Budista Mahayana Zen ( Con el maestro Phillip Klapleau y con el maestro Dokus\u00f3 Villalva) y Budista Tibetana con Juan Manzanera.<\/li>\n<li>Colaborador en la Formaci\u00f3n en Psicolog\u00eda Humanista (M\u00f3dulos de Terapia Gestalt) de la Asociaci\u00f3n de Psicolog\u00eda Hol\u00edstica.<\/li>\n<li>Colaborador en la Formaci\u00f3n de Profesores de Yoga y Meditaci\u00f3n de la Escuela de Yoga y Meditaci\u00f3n \u00abNaradeva\u00bb.<\/li>\n<li>Orientador de Educaci\u00f3n Secundaria.<\/li>\n<li>Responsable del Centro \u00abAlaya\u00bb de Psicoterapia y Psicolog\u00eda Integrativa desde el a\u00f1o 2005 en Santander.<\/li>\n<li>Socio Colaborador del Centro \u00abArgian\u00bb de Psicolog\u00eda y Psicoterapia Integrativa en Bilbao.<\/li>\n<li>Con experiencia terap\u00e9utica con grupos e individual desde el a\u00f1o 2000.<\/li>\n<\/ul>\n","protected":false},"excerpt":{"rendered":"<p>Aitor Ozerin Psic\u00f3logo colegiado Bi-875 Psicoterapeuta Gestalt Miembro Titular y Supervisor de la AETG Formado en Psicoterapia Integrativa SAT con Claudio Naranjo Formado en Constelaciones Familiares seg\u00fan Bert Hellinger con el Institut Gestalt de Barcelona de Joan Garriga y la Asociaci\u00f3n de Psicolog\u00eda Hol\u00edstica de Charo Cuenca. Formado en EMDR Terapeuta de Polaridad. Profesor de &hellip; <a href=\"https:\/\/www.terapiagestaltcantabria.com\/aitor_ozerin\/index.php\/aitor-ozerin\/\" class=\"more-link\">Continuar leyendo<span class=\"screen-reader-text\"> \u00abAitor Ozerin\u00bb<\/span><\/a><\/p>\n","protected":false},"author":1,"featured_media":0,"parent":0,"menu_order":0,"comment_status":"closed","ping_status":"closed","template":"","meta":{"footnotes":""},"class_list":["post-88","page","type-page","status-publish","hentry"],"_links":{"self":[{"href":"https:\/\/www.terapiagestaltcantabria.com\/aitor_ozerin\/index.php\/wp-json\/wp\/v2\/pages\/88"}],"collection":[{"href":"https:\/\/www.terapiagestaltcantabria.com\/aitor_ozerin\/index.php\/wp-json\/wp\/v2\/pages"}],"about":[{"href":"https:\/\/www.terapiagestaltcantabria.com\/aitor_ozerin\/index.php\/wp-json\/wp\/v2\/types\/page"}],"author":[{"embeddable":true,"href":"https:\/\/www.terapiagestaltcantabria.com\/aitor_ozerin\/index.php\/wp-json\/wp\/v2\/users\/1"}],"replies":[{"embeddable":true,"href":"https:\/\/www.terapiagestaltcantabria.com\/aitor_ozerin\/index.php\/wp-json\/wp\/v2\/comments?post=88"}],"version-history":[{"count":3,"href":"https:\/\/www.terapiagestaltcantabria.com\/aitor_ozerin\/index.php\/wp-json\/wp\/v2\/pages\/88\/revisions"}],"predecessor-version":[{"id":91,"href":"https:\/\/www.terapiagestaltcantabria.com\/aitor_ozerin\/index.php\/wp-json\/wp\/v2\/pages\/88\/revisions\/91"}],"wp:attachment":[{"href":"https:\/\/www.terapiagestaltcantabria.com\/aitor_ozerin\/index.php\/wp-json\/wp\/v2\/media?parent=88"}],"curies":[{"name":"wp","href":"https:\/\/api.w.org\/{rel}","templated":true}]}}