{"id":22,"date":"2016-01-19T16:31:30","date_gmt":"2016-01-19T16:31:30","guid":{"rendered":"http:\/\/www.terapiagestaltcantabria.com\/monica_perujo\/?page_id=22"},"modified":"2024-02-21T14:31:58","modified_gmt":"2024-02-21T14:31:58","slug":"circulo-de-mujeres","status":"publish","type":"page","link":"https:\/\/www.terapiagestaltcantabria.com\/monica_perujo\/talleres\/circulo-de-mujeres\/","title":{"rendered":"Mujeres en C\u00edrculo"},"content":{"rendered":"\t\t<div data-elementor-type=\"wp-page\" data-elementor-id=\"22\" class=\"elementor elementor-22\">\n\t\t\t\t\t\t<section class=\"elementor-section elementor-top-section elementor-element elementor-element-8e8a1c7 elementor-section-boxed elementor-section-height-default elementor-section-height-default\" data-id=\"8e8a1c7\" data-element_type=\"section\">\n\t\t\t\t\t\t<div class=\"elementor-container elementor-column-gap-default\">\n\t\t\t\t\t<div class=\"elementor-column elementor-col-100 elementor-top-column elementor-element elementor-element-067db54\" data-id=\"067db54\" data-element_type=\"column\">\n\t\t\t<div class=\"elementor-widget-wrap elementor-element-populated\">\n\t\t\t\t\t\t<div class=\"elementor-element elementor-element-5d0aee3 elementor-widget elementor-widget-text-editor\" data-id=\"5d0aee3\" data-element_type=\"widget\" data-widget_type=\"text-editor.default\">\n\t\t\t\t<div class=\"elementor-widget-container\">\n\t\t\t\t\t\t\t\t\t<p style=\"text-align: left;\"><img fetchpriority=\"high\" decoding=\"async\" class=\"size-medium wp-image-534 alignleft\" src=\"https:\/\/www.terapiagestaltcantabria.com\/monica_perujo\/wp-content\/uploads\/2024\/02\/WhatsApp-Image-2024-02-19-at-09.08.28-9-300x300.jpeg\" alt=\"\" width=\"300\" height=\"300\" srcset=\"https:\/\/www.terapiagestaltcantabria.com\/monica_perujo\/wp-content\/uploads\/2024\/02\/WhatsApp-Image-2024-02-19-at-09.08.28-9-300x300.jpeg 300w, https:\/\/www.terapiagestaltcantabria.com\/monica_perujo\/wp-content\/uploads\/2024\/02\/WhatsApp-Image-2024-02-19-at-09.08.28-9-150x150.jpeg 150w, https:\/\/www.terapiagestaltcantabria.com\/monica_perujo\/wp-content\/uploads\/2024\/02\/WhatsApp-Image-2024-02-19-at-09.08.28-9-768x768.jpeg 768w, https:\/\/www.terapiagestaltcantabria.com\/monica_perujo\/wp-content\/uploads\/2024\/02\/WhatsApp-Image-2024-02-19-at-09.08.28-9.jpeg 920w\" sizes=\"(max-width: 300px) 100vw, 300px\" \/>En 2012 empezamos a reunirnos el primer \ud835\ude28\ud835\ude33\ud835\ude36\ud835\ude31\ud835\ude30 \ud835\ude25\ud835\ude26 \ud835\ude2e\ud835\ude36\ud835\ude2b\ud835\ude26\ud835\ude33\ud835\ude26\ud835\ude34.\u00a0\u2728\u00a0<\/p><p>Empez\u00e1bamos a enfocar en los encuentros el trabajo de desarrollo personal desde nuestra energ\u00eda y cualidad femenina, permiti\u00e9ndonos expresar aut\u00e9nticamente \ud83d\ude4f\ud83c\udffd\ud83e\udeb7\ud83e\udec0<br \/>Nuestra energ\u00eda ten\u00eda un espacio \u201clibre\u201d de algunos aspectos con los que nuestro *ego-personalidad* se enredar\u00eda y distraer\u00eda.<br \/>Al encontrarnos entre \u201cmujeres-hermanas-compa\u00f1eras de viaje-buscadoras\u201d, esa misma energ\u00eda flu\u00eda y retornaba enriquecida, retroalimentada con la misma cualidad femenina de cada una. Integrada por tantas caracter\u00edsticas, experiencias, y miradas como mujeres han formado cada grupo, y con las que pasaban puntualmente\u00a0\u00a0\ud83d\udc71\ud83c\udffc\u200d\u2640\ufe0f\ud83d\udc69\ud83c\udffd\u200d\ud83e\uddb3\ud83d\udc69\ud83c\udffb\ud83d\udc69\ud83c\udffd\u200d\ud83e\uddb1\ud83d\udc69\ud83c\udffc\u200d\ud83e\uddb0<br \/>Y \ud835\uddf1\ud835\uddfc\ud835\uddf0\ud835\uddf2 a\u00f1os m\u00e1s tarde el grupo contin\u00faa, ha tenido diferentes formas, se ha ido adaptando, se ha mantenido, se mantiene, contin\u00faa, continuamos en el camino. Un grupo que est\u00e1 abierto a mujeres que resuenan con esta forma de mirada, de escucha, de autoobservaci\u00f3n, de trabajo para el \u201c<strong>desarrollo personal entre mujeres<\/strong>\u201d, con la b\u00fasqueda del <strong>secreto de la esencia<\/strong>, con el <strong>desarrollo espiritual<\/strong>, eres bienvenida, tienes un sitio en el c\u00edrculo, te esperamos \ud83e\udd32\ud83c\udffd\ud83e\udd0d<\/p>\t\t\t\t\t\t\t\t<\/div>\n\t\t\t\t<\/div>\n\t\t\t\t\t<\/div>\n\t\t<\/div>\n\t\t\t\t\t<\/div>\n\t\t<\/section>\n\t\t\t\t<section class=\"elementor-section elementor-top-section elementor-element elementor-element-8f5febd elementor-section-boxed elementor-section-height-default elementor-section-height-default\" data-id=\"8f5febd\" data-element_type=\"section\">\n\t\t\t\t\t\t<div class=\"elementor-container elementor-column-gap-default\">\n\t\t\t\t\t<div class=\"elementor-column elementor-col-100 elementor-top-column elementor-element elementor-element-4e6d1e2\" data-id=\"4e6d1e2\" data-element_type=\"column\">\n\t\t\t<div class=\"elementor-widget-wrap elementor-element-populated\">\n\t\t\t\t\t\t<div class=\"elementor-element elementor-element-311ff8a elementor-widget elementor-widget-text-editor\" data-id=\"311ff8a\" data-element_type=\"widget\" data-widget_type=\"text-editor.default\">\n\t\t\t\t<div class=\"elementor-widget-container\">\n\t\t\t\t\t\t\t\t\t<p>C\u00cdRCULO DE MUJERES EN SANTANDER<\/p><p>MUJERES COMPROMETIDAS CON SU TRANSFORMACI\u00d3N<\/p><p>El formato del \u201cC\u00edrculo\u201d es un modelo antiguo de reuni\u00f3n, de encuentro, de consulta, deliberaci\u00f3n, petici\u00f3n de escucha, de asesoramiento, de plantear propuestas nuevas para propiciar un cambio, propio para la mejora personal, o m\u00e1s amplio, que influya en un \u00e1mbito m\u00e1s grande para la mejora de las personas o las comunidades.<\/p><p>El \u201cC\u00edrculo de Mujeres\u201d es este lugar en el que se concentra la energ\u00eda femenina, y se manifiestan sus cualidades de manera sencilla y natural, limpia, sin distorsiones. Y tambi\u00e9n se retroalimenta y crece en el contacto con la energ\u00eda de otras mujeres.<\/p><p>Entonces, el C\u00edrculo de Mujeres es un lugar en que se juntan mujeres de cualquier \u00e1mbito y edad, para entrar en comuni\u00f3n, comuni\u00f3n como alianza de las palabras \u201cCom\u00fan y Uni\u00f3n\u201d, que se refiere a un intercambio \u00edntimo, a un trato familiar, a una comunicaci\u00f3n abierta, y una participaci\u00f3n mutua.<\/p><ul><li>Encuentros quincenales <strong>los mi\u00e9rcoles<\/strong> por la tarde: de <strong>18,30 a 20,30 <\/strong>horas.<\/li><li>Precio:<strong> 25\u20ac<\/strong> cada encuentro<\/li><li>Coordina: <strong>M\u00f3nica Perujo Pereira<\/strong> &#8211; Terapeuta Gestalt. Eneagrama de la Personalidad. Genograma con Ancestros y Linaje Femenino. Meditaci\u00f3n. Respiraci\u00f3n Consciente. Movimiento Corporal Consciente.<\/li><\/ul><p>www.terapiagestaltcanbria.com<\/p><p>@monicaperujogestalt<\/p><p>facebook: M\u00f3nica Perujo<\/p>\t\t\t\t\t\t\t\t<\/div>\n\t\t\t\t<\/div>\n\t\t\t\t\t<\/div>\n\t\t<\/div>\n\t\t\t\t\t<\/div>\n\t\t<\/section>\n\t\t\t\t<section class=\"elementor-section elementor-top-section elementor-element elementor-element-f00bd37 elementor-section-boxed elementor-section-height-default elementor-section-height-default\" data-id=\"f00bd37\" data-element_type=\"section\">\n\t\t\t\t\t\t<div class=\"elementor-container elementor-column-gap-default\">\n\t\t\t\t\t<div class=\"elementor-column elementor-col-50 elementor-top-column elementor-element elementor-element-f08db4b\" data-id=\"f08db4b\" data-element_type=\"column\">\n\t\t\t<div class=\"elementor-widget-wrap elementor-element-populated\">\n\t\t\t\t\t\t<div class=\"elementor-element elementor-element-d1b38b0 elementor-widget elementor-widget-image\" data-id=\"d1b38b0\" data-element_type=\"widget\" data-widget_type=\"image.default\">\n\t\t\t\t<div class=\"elementor-widget-container\">\n\t\t\t\t\t\t\t\t\t\t\t\t\t\t\t\t<a href=\"https:\/\/www.terapiagestaltcantabria.com\/monica_perujo\/wp-content\/uploads\/2022\/10\/circulo-de-mujeres-santander-04.jpeg\" data-elementor-open-lightbox=\"yes\" data-elementor-lightbox-title=\"circulo-de-mujeres-santander-04\" data-e-action-hash=\"#elementor-action%3Aaction%3Dlightbox%26settings%3DeyJpZCI6NDY0LCJ1cmwiOiJodHRwczpcL1wvd3d3LnRlcmFwaWFnZXN0YWx0Y2FudGFicmlhLmNvbVwvbW9uaWNhX3BlcnVqb1wvd3AtY29udGVudFwvdXBsb2Fkc1wvMjAyMlwvMTBcL2NpcmN1bG8tZGUtbXVqZXJlcy1zYW50YW5kZXItMDQuanBlZyJ9\">\n\t\t\t\t\t\t\t<img decoding=\"async\" width=\"707\" height=\"884\" src=\"https:\/\/www.terapiagestaltcantabria.com\/monica_perujo\/wp-content\/uploads\/2022\/10\/circulo-de-mujeres-santander-04.jpeg\" class=\"attachment-large size-large wp-image-464\" alt=\"\" srcset=\"https:\/\/www.terapiagestaltcantabria.com\/monica_perujo\/wp-content\/uploads\/2022\/10\/circulo-de-mujeres-santander-04.jpeg 707w, https:\/\/www.terapiagestaltcantabria.com\/monica_perujo\/wp-content\/uploads\/2022\/10\/circulo-de-mujeres-santander-04-240x300.jpeg 240w\" sizes=\"(max-width: 707px) 100vw, 707px\" \/>\t\t\t\t\t\t\t\t<\/a>\n\t\t\t\t\t\t\t\t\t\t\t\t\t\t\t<\/div>\n\t\t\t\t<\/div>\n\t\t\t\t\t<\/div>\n\t\t<\/div>\n\t\t\t\t<div class=\"elementor-column elementor-col-50 elementor-top-column elementor-element elementor-element-8257e09\" data-id=\"8257e09\" data-element_type=\"column\">\n\t\t\t<div class=\"elementor-widget-wrap elementor-element-populated\">\n\t\t\t\t\t\t<div class=\"elementor-element elementor-element-49e4e06 elementor-widget elementor-widget-image\" data-id=\"49e4e06\" data-element_type=\"widget\" data-widget_type=\"image.default\">\n\t\t\t\t<div class=\"elementor-widget-container\">\n\t\t\t\t\t\t\t\t\t\t\t\t\t\t\t\t<a href=\"https:\/\/www.terapiagestaltcantabria.com\/monica_perujo\/wp-content\/uploads\/2022\/10\/circulo-de-mujeres-santander-03.jpeg\" data-elementor-open-lightbox=\"yes\" data-elementor-lightbox-title=\"circulo-de-mujeres-santander-03\" data-e-action-hash=\"#elementor-action%3Aaction%3Dlightbox%26settings%3DeyJpZCI6NDYzLCJ1cmwiOiJodHRwczpcL1wvd3d3LnRlcmFwaWFnZXN0YWx0Y2FudGFicmlhLmNvbVwvbW9uaWNhX3BlcnVqb1wvd3AtY29udGVudFwvdXBsb2Fkc1wvMjAyMlwvMTBcL2NpcmN1bG8tZGUtbXVqZXJlcy1zYW50YW5kZXItMDMuanBlZyJ9\">\n\t\t\t\t\t\t\t<img decoding=\"async\" width=\"819\" height=\"1024\" src=\"https:\/\/www.terapiagestaltcantabria.com\/monica_perujo\/wp-content\/uploads\/2022\/10\/circulo-de-mujeres-santander-03-819x1024.jpeg\" class=\"attachment-large size-large wp-image-463\" alt=\"\" srcset=\"https:\/\/www.terapiagestaltcantabria.com\/monica_perujo\/wp-content\/uploads\/2022\/10\/circulo-de-mujeres-santander-03.jpeg 819w, https:\/\/www.terapiagestaltcantabria.com\/monica_perujo\/wp-content\/uploads\/2022\/10\/circulo-de-mujeres-santander-03-240x300.jpeg 240w, https:\/\/www.terapiagestaltcantabria.com\/monica_perujo\/wp-content\/uploads\/2022\/10\/circulo-de-mujeres-santander-03-768x960.jpeg 768w\" sizes=\"(max-width: 819px) 100vw, 819px\" \/>\t\t\t\t\t\t\t\t<\/a>\n\t\t\t\t\t\t\t\t\t\t\t\t\t\t\t<\/div>\n\t\t\t\t<\/div>\n\t\t\t\t\t<\/div>\n\t\t<\/div>\n\t\t\t\t\t<\/div>\n\t\t<\/section>\n\t\t\t\t<section class=\"elementor-section elementor-top-section elementor-element elementor-element-d38a3eb elementor-section-boxed elementor-section-height-default elementor-section-height-default\" data-id=\"d38a3eb\" data-element_type=\"section\">\n\t\t\t\t\t\t<div class=\"elementor-container elementor-column-gap-default\">\n\t\t\t\t\t<div class=\"elementor-column elementor-col-100 elementor-top-column elementor-element elementor-element-9ddc914\" data-id=\"9ddc914\" data-element_type=\"column\">\n\t\t\t<div class=\"elementor-widget-wrap\">\n\t\t\t\t\t\t\t<\/div>\n\t\t<\/div>\n\t\t\t\t\t<\/div>\n\t\t<\/section>\n\t\t\t\t<section class=\"elementor-section elementor-top-section elementor-element elementor-element-3c700f76 elementor-section-boxed elementor-section-height-default elementor-section-height-default\" data-id=\"3c700f76\" data-element_type=\"section\">\n\t\t\t\t\t\t<div class=\"elementor-container elementor-column-gap-default\">\n\t\t\t\t\t<div class=\"elementor-column elementor-col-100 elementor-top-column elementor-element elementor-element-ea934b2\" data-id=\"ea934b2\" data-element_type=\"column\">\n\t\t\t<div class=\"elementor-widget-wrap elementor-element-populated\">\n\t\t\t\t\t\t<div class=\"elementor-element elementor-element-454a5570 elementor-widget elementor-widget-text-editor\" data-id=\"454a5570\" data-element_type=\"widget\" data-widget_type=\"text-editor.default\">\n\t\t\t\t<div class=\"elementor-widget-container\">\n\t\t\t\t\t\t\t\t\t<p style=\"text-align: center;\"><strong>NOS SEGUIMOS ENCONTRANDO EN SKYPE<\/strong>\r\n<img loading=\"lazy\" decoding=\"async\" class=\"alignnone wp-image-304\" src=\"https:\/\/www.terapiagestaltcantabria.com\/monica_perujo\/wp-content\/uploads\/2016\/01\/skype-150x150.png\" alt=\"\" width=\"50\" height=\"50\" srcset=\"https:\/\/www.terapiagestaltcantabria.com\/monica_perujo\/wp-content\/uploads\/2016\/01\/skype-150x150.png 150w, https:\/\/www.terapiagestaltcantabria.com\/monica_perujo\/wp-content\/uploads\/2016\/01\/skype.png 225w\" sizes=\"(max-width: 50px) 100vw, 50px\" \/><\/p>\r\n<img loading=\"lazy\" decoding=\"async\" class=\"size-full wp-image-360 aligncenter\" src=\"https:\/\/www.terapiagestaltcantabria.com\/monica_perujo\/wp-content\/uploads\/2016\/01\/WhatsApp-Image-2021-10-14-at-17.05.03.jpeg\" alt=\"\" width=\"1280\" height=\"720\" srcset=\"https:\/\/www.terapiagestaltcantabria.com\/monica_perujo\/wp-content\/uploads\/2016\/01\/WhatsApp-Image-2021-10-14-at-17.05.03.jpeg 1280w, https:\/\/www.terapiagestaltcantabria.com\/monica_perujo\/wp-content\/uploads\/2016\/01\/WhatsApp-Image-2021-10-14-at-17.05.03-300x169.jpeg 300w, https:\/\/www.terapiagestaltcantabria.com\/monica_perujo\/wp-content\/uploads\/2016\/01\/WhatsApp-Image-2021-10-14-at-17.05.03-768x432.jpeg 768w, https:\/\/www.terapiagestaltcantabria.com\/monica_perujo\/wp-content\/uploads\/2016\/01\/WhatsApp-Image-2021-10-14-at-17.05.03-1024x576.jpeg 1024w\" sizes=\"(max-width: 1280px) 100vw, 1280px\" \/>\r\n<p style=\"text-align: justify;\"><strong><img loading=\"lazy\" decoding=\"async\" class=\"aligncenter wp-image-349 size-large\" src=\"https:\/\/www.terapiagestaltcantabria.com\/monica_perujo\/wp-content\/uploads\/2016\/01\/mujeres-en-circulo-santander-1024x576.jpeg\" alt=\"\" width=\"1024\" height=\"576\" srcset=\"https:\/\/www.terapiagestaltcantabria.com\/monica_perujo\/wp-content\/uploads\/2016\/01\/mujeres-en-circulo-santander-1024x576.jpeg 1024w, https:\/\/www.terapiagestaltcantabria.com\/monica_perujo\/wp-content\/uploads\/2016\/01\/mujeres-en-circulo-santander-300x169.jpeg 300w, https:\/\/www.terapiagestaltcantabria.com\/monica_perujo\/wp-content\/uploads\/2016\/01\/mujeres-en-circulo-santander-768x432.jpeg 768w, https:\/\/www.terapiagestaltcantabria.com\/monica_perujo\/wp-content\/uploads\/2016\/01\/mujeres-en-circulo-santander.jpeg 1280w\" sizes=\"(max-width: 1024px) 100vw, 1024px\" \/> <img loading=\"lazy\" decoding=\"async\" class=\"wp-image-350 size-full aligncenter\" src=\"https:\/\/www.terapiagestaltcantabria.com\/monica_perujo\/wp-content\/uploads\/2016\/01\/mujeres-en-circulo-santander2.jpeg\" alt=\"\" width=\"1280\" height=\"720\" srcset=\"https:\/\/www.terapiagestaltcantabria.com\/monica_perujo\/wp-content\/uploads\/2016\/01\/mujeres-en-circulo-santander2.jpeg 1280w, https:\/\/www.terapiagestaltcantabria.com\/monica_perujo\/wp-content\/uploads\/2016\/01\/mujeres-en-circulo-santander2-300x169.jpeg 300w, https:\/\/www.terapiagestaltcantabria.com\/monica_perujo\/wp-content\/uploads\/2016\/01\/mujeres-en-circulo-santander2-768x432.jpeg 768w, https:\/\/www.terapiagestaltcantabria.com\/monica_perujo\/wp-content\/uploads\/2016\/01\/mujeres-en-circulo-santander2-1024x576.jpeg 1024w\" sizes=\"(max-width: 1280px) 100vw, 1280px\" \/><\/strong><\/p>\t\t\t\t\t\t\t\t<\/div>\n\t\t\t\t<\/div>\n\t\t\t\t\t<\/div>\n\t\t<\/div>\n\t\t\t\t\t<\/div>\n\t\t<\/section>\n\t\t\t\t<\/div>\n\t\t","protected":false},"excerpt":{"rendered":"<p>En 2012 empezamos a reunirnos el primer \ud835\ude28\ud835\ude33\ud835\ude36\ud835\ude31\ud835\ude30 \ud835\ude25\ud835\ude26 \ud835\ude2e\ud835\ude36\ud835\ude2b\ud835\ude26\ud835\ude33\ud835\ude26\ud835\ude34.\u00a0\u2728\u00a0 Empez\u00e1bamos a enfocar en los encuentros el trabajo de desarrollo personal desde nuestra energ\u00eda y cualidad femenina, permiti\u00e9ndonos expresar aut\u00e9nticamente \ud83d\ude4f\ud83c\udffd\ud83e\udeb7\ud83e\udec0Nuestra energ\u00eda ten\u00eda un espacio \u201clibre\u201d de algunos aspectos con los que nuestro *ego-personalidad* se enredar\u00eda y distraer\u00eda.Al encontrarnos entre \u201cmujeres-hermanas-compa\u00f1eras de viaje-buscadoras\u201d, esa misma &#8230; <a title=\"Mujeres en C\u00edrculo\" class=\"read-more\" href=\"https:\/\/www.terapiagestaltcantabria.com\/monica_perujo\/talleres\/circulo-de-mujeres\/\">Leer m\u00e1s <span class=\"screen-reader-text\">Mujeres en C\u00edrculo<\/span><\/a><\/p>\n","protected":false},"author":1,"featured_media":0,"parent":6,"menu_order":0,"comment_status":"closed","ping_status":"closed","template":"","meta":{"footnotes":""},"class_list":["post-22","page","type-page","status-publish"],"_links":{"self":[{"href":"https:\/\/www.terapiagestaltcantabria.com\/monica_perujo\/wp-json\/wp\/v2\/pages\/22","targetHints":{"allow":["GET"]}}],"collection":[{"href":"https:\/\/www.terapiagestaltcantabria.com\/monica_perujo\/wp-json\/wp\/v2\/pages"}],"about":[{"href":"https:\/\/www.terapiagestaltcantabria.com\/monica_perujo\/wp-json\/wp\/v2\/types\/page"}],"author":[{"embeddable":true,"href":"https:\/\/www.terapiagestaltcantabria.com\/monica_perujo\/wp-json\/wp\/v2\/users\/1"}],"replies":[{"embeddable":true,"href":"https:\/\/www.terapiagestaltcantabria.com\/monica_perujo\/wp-json\/wp\/v2\/comments?post=22"}],"version-history":[{"count":37,"href":"https:\/\/www.terapiagestaltcantabria.com\/monica_perujo\/wp-json\/wp\/v2\/pages\/22\/revisions"}],"predecessor-version":[{"id":543,"href":"https:\/\/www.terapiagestaltcantabria.com\/monica_perujo\/wp-json\/wp\/v2\/pages\/22\/revisions\/543"}],"up":[{"embeddable":true,"href":"https:\/\/www.terapiagestaltcantabria.com\/monica_perujo\/wp-json\/wp\/v2\/pages\/6"}],"wp:attachment":[{"href":"https:\/\/www.terapiagestaltcantabria.com\/monica_perujo\/wp-json\/wp\/v2\/media?parent=22"}],"curies":[{"name":"wp","href":"https:\/\/api.w.org\/{rel}","templated":true}]}}